{"id":9235,"date":"2026-03-24T04:51:01","date_gmt":"2026-03-24T04:51:01","guid":{"rendered":"https:\/\/donrafa.mslobo.com\/?page_id=9235"},"modified":"2026-03-24T05:21:33","modified_gmt":"2026-03-24T05:21:33","slug":"terminos-y-condiciones","status":"publish","type":"page","link":"https:\/\/donrafa.mslobo.com\/en\/terminos-y-condiciones\/","title":{"rendered":"Terms and Conditions"},"content":{"rendered":"<div data-elementor-type=\"wp-page\" data-elementor-id=\"9235\" class=\"elementor elementor-9235\">\n\t\t\t\t<div class=\"elementor-element elementor-element-5876bc5 e-flex e-con-boxed e-con e-parent\" data-id=\"5876bc5\" data-element_type=\"container\" data-e-type=\"container\">\n\t\t\t\t\t<div class=\"e-con-inner\">\n\t\t\t\t<div class=\"elementor-element elementor-element-20c445f elementor-widget elementor-widget-text-editor\" data-id=\"20c445f\" data-element_type=\"widget\" data-e-type=\"widget\" data-widget_type=\"text-editor.default\">\n\t\t\t\t<div class=\"elementor-widget-container\">\n\t\t\t\t\t\t\t\t\t<h2 data-section-id=\"6z7pmf\" data-start=\"796\" data-end=\"821\">Terms and Conditions<\/h2><p data-start=\"823\" data-end=\"930\">Bienvenido a Bienestar Don Rafa. Al utilizar este sitio web, aceptas los siguientes t\u00e9rminos y condiciones.<\/p><hr data-start=\"932\" data-end=\"935\" \/><h2 data-section-id=\"1x5avm1\" data-start=\"937\" data-end=\"953\">Uso del sitio<\/h2><p data-start=\"955\" data-end=\"1108\">Este sitio tiene como prop\u00f3sito proporcionar informaci\u00f3n sobre productos de bienestar y facilitar el acceso a su compra a trav\u00e9s de plataformas externas.<\/p><hr data-start=\"1110\" data-end=\"1113\" \/><h2 data-section-id=\"1tke5gr\" data-start=\"1115\" data-end=\"1142\">Informaci\u00f3n del producto<\/h2><p data-start=\"1144\" data-end=\"1256\">La informaci\u00f3n presentada en este sitio tiene fines informativos y no sustituye el consejo m\u00e9dico profesional.<\/p><p data-start=\"1258\" data-end=\"1344\">No garantizamos resultados espec\u00edficos, ya que estos pueden variar seg\u00fan cada persona.<\/p><hr data-start=\"1346\" data-end=\"1349\" \/><h2 data-section-id=\"1g10alt\" data-start=\"1351\" data-end=\"1371\">Proceso de compra<\/h2><p data-start=\"1373\" data-end=\"1429\">Las compras no se procesan directamente en este sitio.<\/p><p data-start=\"1431\" data-end=\"1606\">Al hacer clic en los enlaces de compra, ser\u00e1s redirigido a una plataforma externa (ACTIVZ), la cual es responsable del procesamiento de pagos, env\u00edos y pol\u00edticas relacionadas.<\/p><hr data-start=\"1608\" data-end=\"1611\" \/><h2 data-section-id=\"56ynsd\" data-start=\"1613\" data-end=\"1631\">Responsabilidad<\/h2><p data-start=\"1633\" data-end=\"1781\">Bienestar Don Rafa no se hace responsable por el uso indebido de los productos ni por decisiones tomadas sin consultar a un profesional de la salud.<\/p><hr data-start=\"1783\" data-end=\"1786\" \/><h2 data-section-id=\"1s4s0qi\" data-start=\"1788\" data-end=\"1807\">Enlaces externos<\/h2><p data-start=\"1809\" data-end=\"1910\">Este sitio puede contener enlaces a terceros. No tenemos control sobre su contenido ni sus pol\u00edticas.<\/p><hr data-start=\"1912\" data-end=\"1915\" \/><h2 data-section-id=\"u46d6i\" data-start=\"1917\" data-end=\"1934\">Modificaciones<\/h2><p data-start=\"1936\" data-end=\"2028\">Nos reservamos el derecho de modificar estos t\u00e9rminos en cualquier momento sin previo aviso.<\/p><hr data-start=\"2030\" data-end=\"2033\" \/><h2 data-section-id=\"1c78x6y\" data-start=\"2035\" data-end=\"2046\">Contact<\/h2><p data-start=\"2048\" data-end=\"2153\">Si tienes preguntas sobre estos t\u00e9rminos, puedes contactarnos a trav\u00e9s de nuestro formulario de contacto.<\/p>\t\t\t\t\t\t\t\t<\/div>\n\t\t\t\t<\/div>\n\t\t\t\t\t<\/div>\n\t\t\t\t<\/div>\n\t\t\t\t<\/div>","protected":false},"excerpt":{"rendered":"<p>T\u00e9rminos y Condiciones Bienvenido a Bienestar Don Rafa. Al utilizar este sitio web, aceptas los siguientes t\u00e9rminos y condiciones. Uso del sitio Este sitio tiene como prop\u00f3sito proporcionar informaci\u00f3n sobre productos de bienestar y facilitar el acceso a su compra a trav\u00e9s de plataformas externas. Informaci\u00f3n del producto La informaci\u00f3n presentada en este sitio tiene [&hellip;]<\/p>\n","protected":false},"author":1,"featured_media":0,"parent":0,"menu_order":0,"comment_status":"closed","ping_status":"closed","template":"","meta":{"site-sidebar-layout":"no-sidebar","site-content-layout":"page-builder","ast-site-content-layout":"full-width-container","site-content-style":"unboxed","site-sidebar-style":"unboxed","ast-global-header-display":"","ast-banner-title-visibility":"","ast-main-header-display":"","ast-hfb-above-header-display":"","ast-hfb-below-header-display":"","ast-hfb-mobile-header-display":"","site-post-title":"disabled","ast-breadcrumbs-content":"","ast-featured-img":"disabled","footer-sml-layout":"","ast-disable-related-posts":"","theme-transparent-header-meta":"","adv-header-id-meta":"","stick-header-meta":"","header-above-stick-meta":"","header-main-stick-meta":"","header-below-stick-meta":"","astra-migrate-meta-layouts":"set","ast-page-background-enabled":"default","ast-page-background-meta":{"desktop":{"background-color":"","background-image":"","background-repeat":"repeat","background-position":"center center","background-size":"auto","background-attachment":"scroll","background-type":"","background-media":"","overlay-type":"","overlay-color":"","overlay-opacity":"","overlay-gradient":""},"tablet":{"background-color":"","background-image":"","background-repeat":"repeat","background-position":"center center","background-size":"auto","background-attachment":"scroll","background-type":"","background-media":"","overlay-type":"","overlay-color":"","overlay-opacity":"","overlay-gradient":""},"mobile":{"background-color":"","background-image":"","background-repeat":"repeat","background-position":"center center","background-size":"auto","background-attachment":"scroll","background-type":"","background-media":"","overlay-type":"","overlay-color":"","overlay-opacity":"","overlay-gradient":""}},"ast-content-background-meta":{"desktop":{"background-color":"var(--ast-global-color-5)","background-image":"","background-repeat":"repeat","background-position":"center center","background-size":"auto","background-attachment":"scroll","background-type":"","background-media":"","overlay-type":"","overlay-color":"","overlay-opacity":"","overlay-gradient":""},"tablet":{"background-color":"var(--ast-global-color-5)","background-image":"","background-repeat":"repeat","background-position":"center center","background-size":"auto","background-attachment":"scroll","background-type":"","background-media":"","overlay-type":"","overlay-color":"","overlay-opacity":"","overlay-gradient":""},"mobile":{"background-color":"var(--ast-global-color-5)","background-image":"","background-repeat":"repeat","background-position":"center center","background-size":"auto","background-attachment":"scroll","background-type":"","background-media":"","overlay-type":"","overlay-color":"","overlay-opacity":"","overlay-gradient":""}},"footnotes":""},"class_list":["post-9235","page","type-page","status-publish","hentry"],"yoast_head":"<!-- This site is optimized with the Yoast SEO plugin v27.6 - https:\/\/yoast.com\/product\/yoast-seo-wordpress\/ -->\n<title>T\u00e9rminos y Condiciones - Bienestar Don Rafa<\/title>\n<meta name=\"robots\" content=\"index, follow, max-snippet:-1, max-image-preview:large, max-video-preview:-1\" \/>\n<link rel=\"canonical\" href=\"https:\/\/donrafa.mslobo.com\/en\/terminos-y-condiciones\/\" \/>\n<meta property=\"og:locale\" content=\"en_US\" \/>\n<meta property=\"og:type\" content=\"article\" \/>\n<meta property=\"og:title\" content=\"T\u00e9rminos y Condiciones - Bienestar Don Rafa\" \/>\n<meta property=\"og:description\" content=\"T\u00e9rminos y Condiciones Bienvenido a Bienestar Don Rafa. Al utilizar este sitio web, aceptas los siguientes t\u00e9rminos y condiciones. Uso del sitio Este sitio tiene como prop\u00f3sito proporcionar informaci\u00f3n sobre productos de bienestar y facilitar el acceso a su compra a trav\u00e9s de plataformas externas. Informaci\u00f3n del producto La informaci\u00f3n presentada en este sitio tiene [&hellip;]\" \/>\n<meta property=\"og:url\" content=\"https:\/\/donrafa.mslobo.com\/en\/terminos-y-condiciones\/\" \/>\n<meta property=\"og:site_name\" content=\"Bienestar Don Rafa\" \/>\n<meta property=\"article:modified_time\" content=\"2026-03-24T05:21:33+00:00\" \/>\n<meta name=\"twitter:card\" content=\"summary_large_image\" \/>\n<meta name=\"twitter:label1\" content=\"Est. reading time\" \/>\n\t<meta name=\"twitter:data1\" content=\"1 minute\" \/>\n<script type=\"application\/ld+json\" class=\"yoast-schema-graph\">{\"@context\":\"https:\\\/\\\/schema.org\",\"@graph\":[{\"@type\":\"WebPage\",\"@id\":\"https:\\\/\\\/donrafa.mslobo.com\\\/terminos-y-condiciones\\\/\",\"url\":\"https:\\\/\\\/donrafa.mslobo.com\\\/terminos-y-condiciones\\\/\",\"name\":\"T\u00e9rminos y Condiciones - Bienestar Don Rafa\",\"isPartOf\":{\"@id\":\"https:\\\/\\\/donrafa.mslobo.com\\\/#website\"},\"datePublished\":\"2026-03-24T04:51:01+00:00\",\"dateModified\":\"2026-03-24T05:21:33+00:00\",\"breadcrumb\":{\"@id\":\"https:\\\/\\\/donrafa.mslobo.com\\\/terminos-y-condiciones\\\/#breadcrumb\"},\"inLanguage\":\"en-US\",\"potentialAction\":[{\"@type\":\"ReadAction\",\"target\":[\"https:\\\/\\\/donrafa.mslobo.com\\\/terminos-y-condiciones\\\/\"]}]},{\"@type\":\"BreadcrumbList\",\"@id\":\"https:\\\/\\\/donrafa.mslobo.com\\\/terminos-y-condiciones\\\/#breadcrumb\",\"itemListElement\":[{\"@type\":\"ListItem\",\"position\":1,\"name\":\"Home\",\"item\":\"https:\\\/\\\/donrafa.mslobo.com\\\/\"},{\"@type\":\"ListItem\",\"position\":2,\"name\":\"T\u00e9rminos y Condiciones\"}]},{\"@type\":\"WebSite\",\"@id\":\"https:\\\/\\\/donrafa.mslobo.com\\\/#website\",\"url\":\"https:\\\/\\\/donrafa.mslobo.com\\\/\",\"name\":\"Bienestar Don Rafa\",\"description\":\"Suplementos de bienestar premium para mejorar tu energ\u00eda, enfoque y salud diaria.\",\"publisher\":{\"@id\":\"https:\\\/\\\/donrafa.mslobo.com\\\/#organization\"},\"potentialAction\":[{\"@type\":\"SearchAction\",\"target\":{\"@type\":\"EntryPoint\",\"urlTemplate\":\"https:\\\/\\\/donrafa.mslobo.com\\\/?s={search_term_string}\"},\"query-input\":{\"@type\":\"PropertyValueSpecification\",\"valueRequired\":true,\"valueName\":\"search_term_string\"}}],\"inLanguage\":\"en-US\"},{\"@type\":\"Organization\",\"@id\":\"https:\\\/\\\/donrafa.mslobo.com\\\/#organization\",\"name\":\"Bienestar Don Rafa\",\"url\":\"https:\\\/\\\/donrafa.mslobo.com\\\/\",\"logo\":{\"@type\":\"ImageObject\",\"inLanguage\":\"en-US\",\"@id\":\"https:\\\/\\\/donrafa.mslobo.com\\\/#\\\/schema\\\/logo\\\/image\\\/\",\"url\":\"https:\\\/\\\/donrafa.mslobo.com\\\/wp-content\\\/uploads\\\/2026\\\/03\\\/don-rafa-bienestar-logo.png\",\"contentUrl\":\"https:\\\/\\\/donrafa.mslobo.com\\\/wp-content\\\/uploads\\\/2026\\\/03\\\/don-rafa-bienestar-logo.png\",\"width\":1024,\"height\":1024,\"caption\":\"Bienestar Don Rafa\"},\"image\":{\"@id\":\"https:\\\/\\\/donrafa.mslobo.com\\\/#\\\/schema\\\/logo\\\/image\\\/\"}}]}<\/script>\n<!-- \/ Yoast SEO plugin. -->","yoast_head_json":{"title":"T\u00e9rminos y Condiciones - Bienestar Don Rafa","robots":{"index":"index","follow":"follow","max-snippet":"max-snippet:-1","max-image-preview":"max-image-preview:large","max-video-preview":"max-video-preview:-1"},"canonical":"https:\/\/donrafa.mslobo.com\/en\/terminos-y-condiciones\/","og_locale":"en_US","og_type":"article","og_title":"T\u00e9rminos y Condiciones - Bienestar Don Rafa","og_description":"T\u00e9rminos y Condiciones Bienvenido a Bienestar Don Rafa. Al utilizar este sitio web, aceptas los siguientes t\u00e9rminos y condiciones. Uso del sitio Este sitio tiene como prop\u00f3sito proporcionar informaci\u00f3n sobre productos de bienestar y facilitar el acceso a su compra a trav\u00e9s de plataformas externas. Informaci\u00f3n del producto La informaci\u00f3n presentada en este sitio tiene [&hellip;]","og_url":"https:\/\/donrafa.mslobo.com\/en\/terminos-y-condiciones\/","og_site_name":"Bienestar Don Rafa","article_modified_time":"2026-03-24T05:21:33+00:00","twitter_card":"summary_large_image","twitter_misc":{"Est. reading time":"1 minute"},"schema":{"@context":"https:\/\/schema.org","@graph":[{"@type":"WebPage","@id":"https:\/\/donrafa.mslobo.com\/terminos-y-condiciones\/","url":"https:\/\/donrafa.mslobo.com\/terminos-y-condiciones\/","name":"T\u00e9rminos y Condiciones - Bienestar Don Rafa","isPartOf":{"@id":"https:\/\/donrafa.mslobo.com\/#website"},"datePublished":"2026-03-24T04:51:01+00:00","dateModified":"2026-03-24T05:21:33+00:00","breadcrumb":{"@id":"https:\/\/donrafa.mslobo.com\/terminos-y-condiciones\/#breadcrumb"},"inLanguage":"en-US","potentialAction":[{"@type":"ReadAction","target":["https:\/\/donrafa.mslobo.com\/terminos-y-condiciones\/"]}]},{"@type":"BreadcrumbList","@id":"https:\/\/donrafa.mslobo.com\/terminos-y-condiciones\/#breadcrumb","itemListElement":[{"@type":"ListItem","position":1,"name":"Home","item":"https:\/\/donrafa.mslobo.com\/"},{"@type":"ListItem","position":2,"name":"T\u00e9rminos y Condiciones"}]},{"@type":"WebSite","@id":"https:\/\/donrafa.mslobo.com\/#website","url":"https:\/\/donrafa.mslobo.com\/","name":"Bienestar Don Rafa","description":"Suplementos de bienestar premium para mejorar tu energ\u00eda, enfoque y salud diaria.","publisher":{"@id":"https:\/\/donrafa.mslobo.com\/#organization"},"potentialAction":[{"@type":"SearchAction","target":{"@type":"EntryPoint","urlTemplate":"https:\/\/donrafa.mslobo.com\/?s={search_term_string}"},"query-input":{"@type":"PropertyValueSpecification","valueRequired":true,"valueName":"search_term_string"}}],"inLanguage":"en-US"},{"@type":"Organization","@id":"https:\/\/donrafa.mslobo.com\/#organization","name":"Bienestar Don Rafa","url":"https:\/\/donrafa.mslobo.com\/","logo":{"@type":"ImageObject","inLanguage":"en-US","@id":"https:\/\/donrafa.mslobo.com\/#\/schema\/logo\/image\/","url":"https:\/\/donrafa.mslobo.com\/wp-content\/uploads\/2026\/03\/don-rafa-bienestar-logo.png","contentUrl":"https:\/\/donrafa.mslobo.com\/wp-content\/uploads\/2026\/03\/don-rafa-bienestar-logo.png","width":1024,"height":1024,"caption":"Bienestar Don Rafa"},"image":{"@id":"https:\/\/donrafa.mslobo.com\/#\/schema\/logo\/image\/"}}]}},"_links":{"self":[{"href":"https:\/\/donrafa.mslobo.com\/en\/wp-json\/wp\/v2\/pages\/9235","targetHints":{"allow":["GET"]}}],"collection":[{"href":"https:\/\/donrafa.mslobo.com\/en\/wp-json\/wp\/v2\/pages"}],"about":[{"href":"https:\/\/donrafa.mslobo.com\/en\/wp-json\/wp\/v2\/types\/page"}],"author":[{"embeddable":true,"href":"https:\/\/donrafa.mslobo.com\/en\/wp-json\/wp\/v2\/users\/1"}],"replies":[{"embeddable":true,"href":"https:\/\/donrafa.mslobo.com\/en\/wp-json\/wp\/v2\/comments?post=9235"}],"version-history":[{"count":5,"href":"https:\/\/donrafa.mslobo.com\/en\/wp-json\/wp\/v2\/pages\/9235\/revisions"}],"predecessor-version":[{"id":9246,"href":"https:\/\/donrafa.mslobo.com\/en\/wp-json\/wp\/v2\/pages\/9235\/revisions\/9246"}],"wp:attachment":[{"href":"https:\/\/donrafa.mslobo.com\/en\/wp-json\/wp\/v2\/media?parent=9235"}],"curies":[{"name":"wp","href":"https:\/\/api.w.org\/{rel}","templated":true}]}}